{"id":42,"date":"2023-06-27T15:55:16","date_gmt":"2023-06-27T15:55:16","guid":{"rendered":"https:\/\/sogasec.com\/?page_id=42"},"modified":"2024-11-10T10:41:45","modified_gmt":"2024-11-10T10:41:45","slug":"contacts","status":"publish","type":"page","link":"https:\/\/sogasec.com\/index.php\/contacts\/","title":{"rendered":"Contact"},"content":{"rendered":"\n<figure class=\"wp-block-image size-large is-resized\"><img loading=\"lazy\" decoding=\"async\" width=\"1024\" height=\"254\" src=\"https:\/\/sogasec.com\/wp-content\/uploads\/2023\/09\/Contact-1-1024x254.jpg\" alt=\"\" class=\"wp-image-218\" style=\"width:1017px;height:252px\" srcset=\"https:\/\/sogasec.com\/wp-content\/uploads\/2023\/09\/Contact-1-1024x254.jpg 1024w, https:\/\/sogasec.com\/wp-content\/uploads\/2023\/09\/Contact-1-300x74.jpg 300w, https:\/\/sogasec.com\/wp-content\/uploads\/2023\/09\/Contact-1-768x190.jpg 768w, https:\/\/sogasec.com\/wp-content\/uploads\/2023\/09\/Contact-1-1536x381.jpg 1536w, https:\/\/sogasec.com\/wp-content\/uploads\/2023\/09\/Contact-1.jpg 1957w\" sizes=\"auto, (max-width: 1024px) 100vw, 1024px\" \/><\/figure>\n\n\n<div class=\"frm_forms  with_frm_style frm_style_style-formidable\" id=\"frm_form_1_container\" >\n<form enctype=\"multipart\/form-data\" method=\"post\" class=\"frm-show-form \" id=\"form_contact-formulaire\" >\n<div class=\"frm_form_fields \">\n<fieldset>\n<legend class=\"frm_screen_reader\">Contactez Nous<\/legend>\r\n\r\n<div class=\"frm_fields_container\">\n<input type=\"hidden\" name=\"frm_action\" value=\"create\" \/>\n<input type=\"hidden\" name=\"form_id\" value=\"1\" \/>\n<input type=\"hidden\" name=\"frm_hide_fields_1\" id=\"frm_hide_fields_1\" value=\"\" \/>\n<input type=\"hidden\" name=\"form_key\" value=\"contact-formulaire\" \/>\n<input type=\"hidden\" name=\"item_meta[0]\" value=\"\" \/>\n<input type=\"hidden\" id=\"frm_submit_entry_1\" name=\"frm_submit_entry_1\" value=\"4b311e0b54\" \/><input type=\"hidden\" name=\"_wp_http_referer\" value=\"\/index.php\/wp-json\/wp\/v2\/pages\/42\" \/><div id=\"frm_field_30_container\" class=\"frm_form_field form-field  frm_required_field frm_top_container frm6 frm12  frm4 frm6 frm4  frm3 frm_first\">\r\n    <label for=\"field_8ayx4\" id=\"field_8ayx4_label\" class=\"frm_primary_label\">Vous \u00eates ?\r\n        <span class=\"frm_required\" aria-hidden=\"true\">*<\/span>\r\n    <\/label>\r\n    \t\t<select name=\"item_meta[30]\" id=\"field_8ayx4\"  data-reqmsg=\"Ce champ ne peut pas \u00eatre vide\" aria-required=\"true\" data-invmsg=\"Vous \u00eates ? est non valide\" aria-invalid=\"false\"  >\n\t\t<option  value=\"\" selected='selected'> <\/option><option  value=\"Entreprise\">Entreprise<\/option><option  value=\"Particulier\">Particulier<\/option><option  value=\"Employ\u00e9 Actuel\">Employ\u00e9 Actuel<\/option><option  value=\"Ancien employ\u00e9\">Ancien employ\u00e9<\/option>\t<\/select>\n\t\r\n    \r\n    \r\n<\/div>\n<div id=\"frm_field_1_container\" class=\"frm_form_field form-field  frm_required_field frm_top_container frm6 frm12 frm6 f frm3 frm4 rm4 frm4\">\r\n    <label for=\"field_qh4icy\" id=\"field_qh4icy_label\" class=\"frm_primary_label\">Nom et pr\u00e9nom\r\n        <span class=\"frm_required\" aria-hidden=\"true\">*<\/span>\r\n    <\/label>\r\n    <input type=\"text\" id=\"field_qh4icy\" name=\"item_meta[1]\" value=\"\"  data-reqmsg=\"Ce champ ne peut pas \u00eatre vide\" aria-required=\"true\" data-invmsg=\"Name est non valide\" aria-invalid=\"false\"  \/>\r\n    \r\n    \r\n<\/div>\n<div id=\"frm_field_6_container\" class=\"frm_form_field form-field  frm_required_field frm_top_container frm4 frm6 frm3 frm_sixth\">\r\n    <label for=\"field_vczp9\" id=\"field_vczp9_label\" class=\"frm_primary_label\">T\u00e9l\u00e9phone\r\n        <span class=\"frm_required\" aria-hidden=\"true\">*<\/span>\r\n    <\/label>\r\n    <input type=\"tel\" id=\"field_vczp9\" name=\"item_meta[6]\" value=\"\"  maxlength=\"10\" data-reqmsg=\"Ce champ ne peut pas \u00eatre vide\" aria-required=\"true\" data-invmsg=\"T\u00e9l\u00e9phone est non valide\" aria-invalid=\"false\" pattern=\"\\d\\d\\d\\d\\d\\d\\d\\d\\d\\d$\"  \/>\r\n    \r\n    \r\n<\/div>\n<div id=\"frm_field_26_container\" class=\"frm_form_field form-field  frm_required_field frm_top_container frm3\">\r\n    <label for=\"field_729q5\" id=\"field_729q5_label\" class=\"frm_primary_label\">Adresse \r\n        <span class=\"frm_required\" aria-hidden=\"true\">*<\/span>\r\n    <\/label>\r\n    <input type=\"tel\" id=\"field_729q5\" name=\"item_meta[26]\" value=\"\"  data-reqmsg=\"Ce champ ne peut pas \u00eatre vide\" aria-required=\"true\" data-invmsg=\"T\u00e9l\u00e9phone est non valide\" aria-invalid=\"false\" pattern=\"((\\+\\d{1,3}(-|.| )?\\(?\\d\\)?(-| |.)?\\d{1,5})|(\\(?\\d{2,6}\\)?))(-|.| )?(\\d{3,4})(-|.| )?(\\d{4})(( x| ext)\\d{1,5}){0,1}$\"  \/>\r\n    \r\n    \r\n<\/div>\n<div id=\"frm_field_28_container\" class=\"frm_form_field form-field  frm_required_field frm_top_container frm6  frm4 frm_first frm_fourth\">\r\n    <label for=\"field_diadw\" id=\"field_diadw_label\" class=\"frm_primary_label\">Commune\r\n        <span class=\"frm_required\" aria-hidden=\"true\">*<\/span>\r\n    <\/label>\r\n    <input type=\"tel\" id=\"field_diadw\" name=\"item_meta[28]\" value=\"\"  data-reqmsg=\"Ce champ ne peut pas \u00eatre vide\" aria-required=\"true\" data-invmsg=\"T\u00e9l\u00e9phone est non valide\" aria-invalid=\"false\" pattern=\"((\\+\\d{1,3}(-|.| )?\\(?\\d\\)?(-| |.)?\\d{1,5})|(\\(?\\d{2,6}\\)?))(-|.| )?(\\d{3,4})(-|.| )?(\\d{4})(( x| ext)\\d{1,5}){0,1}$\"  \/>\r\n    \r\n    \r\n<\/div>\n<div id=\"frm_field_29_container\" class=\"frm_form_field form-field  frm_required_field frm_top_container frm6 frm6 frm12 frm4 frm6 frm4 frm_sixth\">\r\n    <label for=\"field_qtp5r\" id=\"field_qtp5r_label\" class=\"frm_primary_label\">Wilaya\r\n        <span class=\"frm_required\" aria-hidden=\"true\">*<\/span>\r\n    <\/label>\r\n    <input type=\"tel\" id=\"field_qtp5r\" name=\"item_meta[29]\" value=\"\"  data-reqmsg=\"Ce champ ne peut pas \u00eatre vide\" aria-required=\"true\" data-invmsg=\"T\u00e9l\u00e9phone est non valide\" aria-invalid=\"false\" pattern=\"\\w$\"  \/>\r\n    \r\n    \r\n<\/div>\n<div id=\"frm_field_3_container\" class=\"frm_form_field form-field  frm_required_field frm_top_container frm12  frm6 frm_fi frm4 rst\">\r\n    <label for=\"field_29yf4d\" id=\"field_29yf4d_label\" class=\"frm_primary_label\">Email\r\n        <span class=\"frm_required\" aria-hidden=\"true\">*<\/span>\r\n    <\/label>\r\n    <input type=\"email\" id=\"field_29yf4d\" name=\"item_meta[3]\" value=\"\"  data-reqmsg=\"Ce champ ne peut pas \u00eatre vide\" aria-required=\"true\" data-invmsg=\"Please enter a valid email address\" aria-invalid=\"false\"  \/>\r\n    \r\n    \r\n<\/div>\n<div id=\"frm_field_9_container\" class=\"frm_form_field form-field  frm_required_field frm_top_container frm6 frm12  frm6 frm12 frm_first\">\r\n    <label for=\"field_b0tnh\" id=\"field_b0tnh_label\" class=\"frm_primary_label\">Sujet\r\n        <span class=\"frm_required\" aria-hidden=\"true\">*<\/span>\r\n    <\/label>\r\n    \t\t<select name=\"item_meta[9]\" id=\"field_b0tnh\"  data-reqmsg=\"Ce champ ne peut pas \u00eatre vide\" aria-required=\"true\" data-invmsg=\"Sujet est non valide\" aria-invalid=\"false\"  >\n\t\t<option  value=\"Demande de devis\">Demande de devis<\/option><option  value=\"R\u00e9clamation\">R\u00e9clamation<\/option><option  value=\"Demande d&#039;audience\">Demande d&#039;audience<\/option><option  value=\"Autres\">Autres<\/option>\t<\/select>\n\t\r\n    \r\n    \r\n<\/div>\n<div id=\"frm_field_5_container\" class=\"frm_form_field form-field  frm_required_field frm_top_container frm12 frm_first frm_third frm_two_thirds\">\r\n    <label for=\"field_9jv0r1\" id=\"field_9jv0r1_label\" class=\"frm_primary_label\">Message\r\n        <span class=\"frm_required\" aria-hidden=\"true\">*<\/span>\r\n    <\/label>\r\n    <textarea name=\"item_meta[5]\" id=\"field_9jv0r1\" rows=\"5\"  placeholder=\"VEUILLEZ FORMULER VOTRE DEMANDE ICI\" data-reqmsg=\"Ce champ ne peut pas \u00eatre vide\" aria-required=\"true\" data-invmsg=\"Message est non valide\" aria-invalid=\"false\"  ><\/textarea>\r\n    \r\n    \r\n<\/div>\n<div id=\"frm_field_75_container\" class=\"frm_form_field form-field \">\r\n\t<div class=\"frm_submit\">\r\n\r\n<button class=\"frm_button_submit\" type=\"submit\"  >Envoyer<\/button>\r\n\r\n\r\n<\/div>\r\n<\/div>\n\t<input type=\"hidden\" name=\"item_key\" value=\"\" \/>\n\t\t\t<div id=\"frm_field_133_container\">\n\t\t\t<label for=\"field_olwqm\" >\n\t\t\t\tSi vous \u00eates un humain, ne remplissez pas ce champ.\t\t\t<\/label>\n\t\t\t<input  id=\"field_olwqm\" type=\"text\" class=\"frm_form_field form-field frm_verify\" name=\"item_meta[133]\" value=\"\"  \/>\n\t\t<\/div>\n\t\t<input name=\"frm_state\" type=\"hidden\" value=\"BF4zIPutReuj6SEL4PsEtBMLXRL3jrHK74O8iNAvQLs=\" \/><\/div>\n<\/fieldset>\n<\/div>\n\n<\/form>\n<\/div>\n\n\n\n<p><strong>Direction G\u00e9n\u00e9rale :<\/strong><\/p>\n\n\n\n<ul class=\"wp-block-list\">\n<li>Chemin Romain Lot 09 du Quota C1, Birkhadem &#8211; Alger <\/li>\n\n\n\n<li>T\u00e9l : 020 07 40 44<\/li>\n\n\n\n<li>Mob : 0770 77 92 97 \/ 0770 71 98 59<\/li>\n\n\n\n<li>Email : contact@sogasec.com<\/li>\n\n\n\n<li>Escorte &amp; Transport de fonds : 0770 77 97 45<\/li>\n<\/ul>\n\n\n\n<p><strong>Service Recrutement :<\/strong><\/p>\n\n\n\n<ul class=\"wp-block-list\">\n<li>Mob : 0770 71 98 10 \/ 0770 72 10 59 \/ 0770 16 33 35<\/li>\n\n\n\n<li>Email : emploi@sogasec.com<\/li>\n<\/ul>\n\n\n\n<p><strong>Coordination R\u00e9gionale Ouest :<\/strong> <strong>Oran<\/strong><\/p>\n\n\n\n<ul class=\"wp-block-list\">\n<li>T\u00e9l : 0770 72 12 53<\/li>\n\n\n\n<li>Email : ouest@sogasec.com <\/li>\n<\/ul>\n\n\n\n<p><strong>Coordination R\u00e9gionale Est :<\/strong> <strong>Oum El Bouaghi<\/strong><\/p>\n\n\n\n<ul class=\"wp-block-list\">\n<li>T\u00e9l : 0770 77 46 62<\/li>\n\n\n\n<li>Email : est@sogasec.com<\/li>\n<\/ul>\n\n\n\n<p><strong>Coordination R\u00e9gionale Sud Est :<\/strong> <strong>Biskra<\/strong><\/p>\n\n\n\n<ul class=\"wp-block-list\">\n<li>T\u00e9l : 0664 42 33 06<\/li>\n\n\n\n<li>Email : sud.est@sogasec.com<\/li>\n<\/ul>\n","protected":false},"excerpt":{"rendered":"<p>Direction G\u00e9n\u00e9rale : Service Recrutement : Coordination R\u00e9gionale Ouest : Oran Coordination R\u00e9gionale Est : Oum El Bouaghi Coordination R\u00e9gionale Sud Est : Biskra<\/p>\n","protected":false},"author":1,"featured_media":0,"parent":0,"menu_order":0,"comment_status":"closed","ping_status":"closed","template":"","meta":{"footnotes":""},"class_list":["post-42","page","type-page","status-publish","hentry"],"_links":{"self":[{"href":"https:\/\/sogasec.com\/index.php\/wp-json\/wp\/v2\/pages\/42","targetHints":{"allow":["GET"]}}],"collection":[{"href":"https:\/\/sogasec.com\/index.php\/wp-json\/wp\/v2\/pages"}],"about":[{"href":"https:\/\/sogasec.com\/index.php\/wp-json\/wp\/v2\/types\/page"}],"author":[{"embeddable":true,"href":"https:\/\/sogasec.com\/index.php\/wp-json\/wp\/v2\/users\/1"}],"replies":[{"embeddable":true,"href":"https:\/\/sogasec.com\/index.php\/wp-json\/wp\/v2\/comments?post=42"}],"version-history":[{"count":13,"href":"https:\/\/sogasec.com\/index.php\/wp-json\/wp\/v2\/pages\/42\/revisions"}],"predecessor-version":[{"id":304,"href":"https:\/\/sogasec.com\/index.php\/wp-json\/wp\/v2\/pages\/42\/revisions\/304"}],"wp:attachment":[{"href":"https:\/\/sogasec.com\/index.php\/wp-json\/wp\/v2\/media?parent=42"}],"curies":[{"name":"wp","href":"https:\/\/api.w.org\/{rel}","templated":true}]}}